{"id":688,"date":"2025-07-08T16:02:47","date_gmt":"2025-07-08T16:02:47","guid":{"rendered":"http:\/\/staging.janina-sachse.de\/home\/"},"modified":"2026-02-18T12:02:03","modified_gmt":"2026-02-18T12:02:03","slug":"home","status":"publish","type":"page","link":"https:\/\/janina-sachse.de\/pl\/","title":{"rendered":"Start"},"content":{"rendered":"<div data-elementor-type=\"wp-page\" data-elementor-id=\"688\" class=\"elementor elementor-688\">\n\t\t\t\t<div class=\"elementor-element elementor-element-39cc283 e-flex e-con-boxed e-con e-parent\" data-id=\"39cc283\" data-element_type=\"container\" data-e-type=\"container\" data-settings=\"{&quot;background_background&quot;:&quot;classic&quot;}\">\n\t\t\t\t\t<div class=\"e-con-inner\">\n\t\t<div class=\"elementor-element elementor-element-3dd9cef e-con-full e-flex e-con e-child\" data-id=\"3dd9cef\" data-element_type=\"container\" data-e-type=\"container\">\n\t\t\t\t<\/div>\n\t\t<div class=\"elementor-element elementor-element-6b0a269 e-con-full e-flex e-con e-child\" data-id=\"6b0a269\" data-element_type=\"container\" data-e-type=\"container\">\n\t\t\t\t<div class=\"elementor-element elementor-element-4e6c29c elementor-widget elementor-widget-heading\" data-id=\"4e6c29c\" data-element_type=\"widget\" data-e-type=\"widget\" data-widget_type=\"heading.default\">\n\t\t\t\t<div class=\"elementor-widget-container\">\n\t\t\t\t\t<h2 class=\"elementor-heading-title elementor-size-default\">very<\/h2>\t\t\t\t<\/div>\n\t\t\t\t<\/div>\n\t\t\t\t<div class=\"elementor-element elementor-element-5f1801e elementor-widget elementor-widget-heading\" data-id=\"5f1801e\" data-element_type=\"widget\" data-e-type=\"widget\" data-widget_type=\"heading.default\">\n\t\t\t\t<div class=\"elementor-widget-container\">\n\t\t\t\t\t<h2 class=\"elementor-heading-title elementor-size-default\">serdecznie<\/h2>\t\t\t\t<\/div>\n\t\t\t\t<\/div>\n\t\t\t\t<div class=\"elementor-element elementor-element-1a1b2a5 elementor-widget elementor-widget-heading\" data-id=\"1a1b2a5\" data-element_type=\"widget\" data-e-type=\"widget\" data-widget_type=\"heading.default\">\n\t\t\t\t<div class=\"elementor-widget-container\">\n\t\t\t\t\t<h2 class=\"elementor-heading-title elementor-size-default\">Willkommen<\/h2>\t\t\t\t<\/div>\n\t\t\t\t<\/div>\n\t\t\t\t<\/div>\n\t\t\t\t\t<\/div>\n\t\t\t\t<\/div>\n\t\t<div class=\"elementor-element elementor-element-2f6ebe0 e-flex e-con-boxed e-con e-parent\" data-id=\"2f6ebe0\" data-element_type=\"container\" data-e-type=\"container\">\n\t\t\t\t\t<div class=\"e-con-inner\">\n\t\t<div class=\"elementor-element elementor-element-ced3100 e-con-full e-flex e-con e-child\" data-id=\"ced3100\" data-element_type=\"container\" data-e-type=\"container\">\n\t\t\t\t<div class=\"elementor-element elementor-element-a7faea3 elementor-widget elementor-widget-image\" data-id=\"a7faea3\" data-element_type=\"widget\" data-e-type=\"widget\" data-widget_type=\"image.default\">\n\t\t\t\t<div class=\"elementor-widget-container\">\n\t\t\t\t\t\t\t\t\t\t\t\t\t\t\t<img fetchpriority=\"high\" decoding=\"async\" width=\"683\" height=\"1024\" src=\"https:\/\/janina-sachse.de\/wp-content\/uploads\/2026\/02\/MarlenePfau-2901-683x1024.jpg\" class=\"attachment-large size-large wp-image-1811\" alt=\"\" srcset=\"https:\/\/janina-sachse.de\/wp-content\/uploads\/2026\/02\/MarlenePfau-2901-683x1024.jpg 683w, https:\/\/janina-sachse.de\/wp-content\/uploads\/2026\/02\/MarlenePfau-2901-200x300.jpg 200w, https:\/\/janina-sachse.de\/wp-content\/uploads\/2026\/02\/MarlenePfau-2901-768x1151.jpg 768w, https:\/\/janina-sachse.de\/wp-content\/uploads\/2026\/02\/MarlenePfau-2901-1024x1536.jpg 1024w, https:\/\/janina-sachse.de\/wp-content\/uploads\/2026\/02\/MarlenePfau-2901-1366x2048.jpg 1366w, https:\/\/janina-sachse.de\/wp-content\/uploads\/2026\/02\/MarlenePfau-2901-8x12.jpg 8w, https:\/\/janina-sachse.de\/wp-content\/uploads\/2026\/02\/MarlenePfau-2901-scaled.jpg 1707w\" sizes=\"(max-width: 683px) 100vw, 683px\" \/>\t\t\t\t\t\t\t\t\t\t\t\t\t\t\t<\/div>\n\t\t\t\t<\/div>\n\t\t\t\t<\/div>\n\t\t<div class=\"elementor-element elementor-element-5d0c059 e-con-full e-flex e-con e-child\" data-id=\"5d0c059\" data-element_type=\"container\" data-e-type=\"container\">\n\t\t\t\t<div class=\"elementor-element elementor-element-9988c1d elementor-widget elementor-widget-text-editor\" data-id=\"9988c1d\" data-element_type=\"widget\" data-e-type=\"widget\" data-widget_type=\"text-editor.default\">\n\t\t\t\t<div class=\"elementor-widget-container\">\n\t\t\t\t\t\t\t\t\t<h1>Herzlich willkommen!<\/h1>\t\t\t\t\t\t\t\t<\/div>\n\t\t\t\t<\/div>\n\t\t\t\t<div class=\"elementor-element elementor-element-a4f8e73 elementor-widget__width-initial elementor-widget elementor-widget-text-editor\" data-id=\"a4f8e73\" data-element_type=\"widget\" data-e-type=\"widget\" data-widget_type=\"text-editor.default\">\n\t\t\t\t<div class=\"elementor-widget-container\">\n\t\t\t\t\t\t\t\t\t<p>Ich bin Janina Sachse, Expertin f\u00fcr Polnisch.<\/p><p><span style=\"font-style: inherit; text-align: var(--text-align);\">Konferenzdolmetscherin f\u00fcr Deutsch, Polnisch und Englisch seit \u00fcber 20 Jahren. <\/span><\/p><p><span style=\"font-style: inherit; text-align: var(--text-align);\">Versiert, erfahren, professionell. <\/span><\/p><p><span style=\"font-style: inherit; text-align: var(--text-align);\">Informieren Sie sich \u00fcber mich und mein Angebot. Ich freue mich auf eine Zusammenarbeit!<\/span><\/p><p><img decoding=\"async\" class=\"alignnone wp-image-1361\" src=\"http:\/\/staging.janina-sachse.de\/wp-content\/uploads\/2025\/09\/aiic_memberof_100-300dpi-300x274.jpg\" alt=\"\" width=\"127\" height=\"115\" srcset=\"https:\/\/janina-sachse.de\/wp-content\/uploads\/2025\/09\/aiic_memberof_100-300dpi-300x274.jpg 300w, https:\/\/janina-sachse.de\/wp-content\/uploads\/2025\/09\/aiic_memberof_100-300dpi.jpg 458w\" sizes=\"(max-width: 127px) 100vw, 127px\" \/><img decoding=\"async\" class=\"alignnone size-full wp-image-1356\" src=\"http:\/\/staging.janina-sachse.de\/wp-content\/uploads\/2025\/09\/Mitgliedslogo_kurz_de.png\" alt=\"\" width=\"83\" height=\"80\" \/><\/p>\t\t\t\t\t\t\t\t<\/div>\n\t\t\t\t<\/div>\n\t\t\t\t<\/div>\n\t\t\t\t\t<\/div>\n\t\t\t\t<\/div>\n\t\t\t\t<\/div>","protected":false},"excerpt":{"rendered":"<p>very serdecznie Willkommen Herzlich willkommen! Ich bin Janina Sachse, Expertin f\u00fcr Polnisch. Konferenzdolmetscherin f\u00fcr Deutsch, Polnisch und Englisch seit \u00fcber [&hellip;]<\/p>","protected":false},"author":1,"featured_media":925,"parent":0,"menu_order":0,"comment_status":"closed","ping_status":"closed","template":"","meta":{"site-sidebar-layout":"no-sidebar","site-content-layout":"","ast-site-content-layout":"full-width-container","site-content-style":"default","site-sidebar-style":"default","ast-global-header-display":"","ast-banner-title-visibility":"","ast-main-header-display":"","ast-hfb-above-header-display":"","ast-hfb-below-header-display":"","ast-hfb-mobile-header-display":"","site-post-title":"disabled","ast-breadcrumbs-content":"","ast-featured-img":"","footer-sml-layout":"","theme-transparent-header-meta":"","adv-header-id-meta":"","stick-header-meta":"","header-above-stick-meta":"","header-main-stick-meta":"","header-below-stick-meta":"","astra-migrate-meta-layouts":"default","ast-page-background-enabled":"default","ast-page-background-meta":{"desktop":{"background-color":"var(--ast-global-color-4)","background-image":"","background-repeat":"repeat","background-position":"center center","background-size":"auto","background-attachment":"scroll","background-type":"","background-media":"","overlay-type":"","overlay-color":"","overlay-opacity":"","overlay-gradient":""},"tablet":{"background-color":"","background-image":"","background-repeat":"repeat","background-position":"center center","background-size":"auto","background-attachment":"scroll","background-type":"","background-media":"","overlay-type":"","overlay-color":"","overlay-opacity":"","overlay-gradient":""},"mobile":{"background-color":"","background-image":"","background-repeat":"repeat","background-position":"center center","background-size":"auto","background-attachment":"scroll","background-type":"","background-media":"","overlay-type":"","overlay-color":"","overlay-opacity":"","overlay-gradient":""}},"ast-content-background-meta":{"desktop":{"background-color":"var(--ast-global-color-5)","background-image":"","background-repeat":"repeat","background-position":"center center","background-size":"auto","background-attachment":"scroll","background-type":"","background-media":"","overlay-type":"","overlay-color":"","overlay-opacity":"","overlay-gradient":""},"tablet":{"background-color":"var(--ast-global-color-5)","background-image":"","background-repeat":"repeat","background-position":"center center","background-size":"auto","background-attachment":"scroll","background-type":"","background-media":"","overlay-type":"","overlay-color":"","overlay-opacity":"","overlay-gradient":""},"mobile":{"background-color":"var(--ast-global-color-5)","background-image":"","background-repeat":"repeat","background-position":"center center","background-size":"auto","background-attachment":"scroll","background-type":"","background-media":"","overlay-type":"","overlay-color":"","overlay-opacity":"","overlay-gradient":""}},"footnotes":""},"class_list":["post-688","page","type-page","status-publish","has-post-thumbnail","hentry"],"yoast_head":"<!-- This site is optimized with the Yoast SEO plugin v27.6 - https:\/\/yoast.com\/product\/yoast-seo-wordpress\/ -->\n<title>Start - Konferenzdolmetscherin Janina Sachse<\/title>\n<meta name=\"robots\" content=\"index, follow, max-snippet:-1, max-image-preview:large, max-video-preview:-1\" \/>\n<link rel=\"canonical\" href=\"https:\/\/janina-sachse.de\/pl\/\" \/>\n<meta property=\"og:locale\" content=\"pl_PL\" \/>\n<meta property=\"og:type\" content=\"article\" \/>\n<meta property=\"og:title\" content=\"Start - Konferenzdolmetscherin Janina Sachse\" \/>\n<meta property=\"og:description\" content=\"very serdecznie Willkommen Herzlich willkommen! Ich bin Janina Sachse, Expertin f\u00fcr Polnisch. Konferenzdolmetscherin f\u00fcr Deutsch, Polnisch und Englisch seit \u00fcber [&hellip;]\" \/>\n<meta property=\"og:url\" content=\"https:\/\/janina-sachse.de\/pl\/\" \/>\n<meta property=\"og:site_name\" content=\"Konferenzdolmetscherin Janina Sachse\" \/>\n<meta property=\"article:modified_time\" content=\"2026-02-18T12:02:03+00:00\" \/>\n<meta property=\"og:image\" content=\"https:\/\/janina-sachse.de\/wp-content\/uploads\/2025\/07\/07A2959.jpg\" \/>\n\t<meta property=\"og:image:width\" content=\"1276\" \/>\n\t<meta property=\"og:image:height\" content=\"851\" \/>\n\t<meta property=\"og:image:type\" content=\"image\/jpeg\" \/>\n<meta name=\"twitter:card\" content=\"summary_large_image\" \/>\n<meta name=\"twitter:label1\" content=\"Szacowany czas czytania\" \/>\n\t<meta name=\"twitter:data1\" content=\"1 minuta\" \/>\n<script type=\"application\/ld+json\" class=\"yoast-schema-graph\">{\"@context\":\"https:\\\/\\\/schema.org\",\"@graph\":[{\"@type\":\"WebPage\",\"@id\":\"https:\\\/\\\/janina-sachse.de\\\/\",\"url\":\"https:\\\/\\\/janina-sachse.de\\\/\",\"name\":\"Start - Konferenzdolmetscherin Janina Sachse\",\"isPartOf\":{\"@id\":\"https:\\\/\\\/janina-sachse.de\\\/#website\"},\"primaryImageOfPage\":{\"@id\":\"https:\\\/\\\/janina-sachse.de\\\/#primaryimage\"},\"image\":{\"@id\":\"https:\\\/\\\/janina-sachse.de\\\/#primaryimage\"},\"thumbnailUrl\":\"https:\\\/\\\/janina-sachse.de\\\/wp-content\\\/uploads\\\/2025\\\/07\\\/07A2959.jpg\",\"datePublished\":\"2025-07-08T16:02:47+00:00\",\"dateModified\":\"2026-02-18T12:02:03+00:00\",\"breadcrumb\":{\"@id\":\"https:\\\/\\\/janina-sachse.de\\\/#breadcrumb\"},\"inLanguage\":\"pl-PL\",\"potentialAction\":[{\"@type\":\"ReadAction\",\"target\":[\"https:\\\/\\\/janina-sachse.de\\\/\"]}]},{\"@type\":\"ImageObject\",\"inLanguage\":\"pl-PL\",\"@id\":\"https:\\\/\\\/janina-sachse.de\\\/#primaryimage\",\"url\":\"https:\\\/\\\/janina-sachse.de\\\/wp-content\\\/uploads\\\/2025\\\/07\\\/07A2959.jpg\",\"contentUrl\":\"https:\\\/\\\/janina-sachse.de\\\/wp-content\\\/uploads\\\/2025\\\/07\\\/07A2959.jpg\",\"width\":1276,\"height\":851},{\"@type\":\"BreadcrumbList\",\"@id\":\"https:\\\/\\\/janina-sachse.de\\\/#breadcrumb\",\"itemListElement\":[{\"@type\":\"ListItem\",\"position\":1,\"name\":\"Startseite\",\"item\":\"https:\\\/\\\/janina-sachse.de\\\/\"},{\"@type\":\"ListItem\",\"position\":2,\"name\":\"Start\"}]},{\"@type\":\"WebSite\",\"@id\":\"https:\\\/\\\/janina-sachse.de\\\/#website\",\"url\":\"https:\\\/\\\/janina-sachse.de\\\/\",\"name\":\"Konferenzdolmetscherin Janina Sachse\",\"description\":\"dolmetschen polnisch berlin englisch konferenzdolmetschen\",\"publisher\":{\"@id\":\"https:\\\/\\\/janina-sachse.de\\\/#organization\"},\"potentialAction\":[{\"@type\":\"SearchAction\",\"target\":{\"@type\":\"EntryPoint\",\"urlTemplate\":\"https:\\\/\\\/janina-sachse.de\\\/?s={search_term_string}\"},\"query-input\":{\"@type\":\"PropertyValueSpecification\",\"valueRequired\":true,\"valueName\":\"search_term_string\"}}],\"inLanguage\":\"pl-PL\"},{\"@type\":\"Organization\",\"@id\":\"https:\\\/\\\/janina-sachse.de\\\/#organization\",\"name\":\"Konferenzdolmetscherin Janina Sachse\",\"url\":\"https:\\\/\\\/janina-sachse.de\\\/\",\"logo\":{\"@type\":\"ImageObject\",\"inLanguage\":\"pl-PL\",\"@id\":\"https:\\\/\\\/janina-sachse.de\\\/#\\\/schema\\\/logo\\\/image\\\/\",\"url\":\"https:\\\/\\\/janina-sachse.de\\\/wp-content\\\/uploads\\\/2025\\\/07\\\/header_js_deutsch.png\",\"contentUrl\":\"https:\\\/\\\/janina-sachse.de\\\/wp-content\\\/uploads\\\/2025\\\/07\\\/header_js_deutsch.png\",\"width\":800,\"height\":200,\"caption\":\"Konferenzdolmetscherin Janina Sachse\"},\"image\":{\"@id\":\"https:\\\/\\\/janina-sachse.de\\\/#\\\/schema\\\/logo\\\/image\\\/\"}}]}<\/script>\n<!-- \/ Yoast SEO plugin. -->","yoast_head_json":{"title":"Start - Konferenzdolmetscherin Janina Sachse","robots":{"index":"index","follow":"follow","max-snippet":"max-snippet:-1","max-image-preview":"max-image-preview:large","max-video-preview":"max-video-preview:-1"},"canonical":"https:\/\/janina-sachse.de\/pl\/","og_locale":"pl_PL","og_type":"article","og_title":"Start - Konferenzdolmetscherin Janina Sachse","og_description":"very serdecznie Willkommen Herzlich willkommen! Ich bin Janina Sachse, Expertin f\u00fcr Polnisch. Konferenzdolmetscherin f\u00fcr Deutsch, Polnisch und Englisch seit \u00fcber [&hellip;]","og_url":"https:\/\/janina-sachse.de\/pl\/","og_site_name":"Konferenzdolmetscherin Janina Sachse","article_modified_time":"2026-02-18T12:02:03+00:00","og_image":[{"width":1276,"height":851,"url":"https:\/\/janina-sachse.de\/wp-content\/uploads\/2025\/07\/07A2959.jpg","type":"image\/jpeg"}],"twitter_card":"summary_large_image","twitter_misc":{"Szacowany czas czytania":"1 minuta"},"schema":{"@context":"https:\/\/schema.org","@graph":[{"@type":"WebPage","@id":"https:\/\/janina-sachse.de\/","url":"https:\/\/janina-sachse.de\/","name":"Start - Konferenzdolmetscherin Janina Sachse","isPartOf":{"@id":"https:\/\/janina-sachse.de\/#website"},"primaryImageOfPage":{"@id":"https:\/\/janina-sachse.de\/#primaryimage"},"image":{"@id":"https:\/\/janina-sachse.de\/#primaryimage"},"thumbnailUrl":"https:\/\/janina-sachse.de\/wp-content\/uploads\/2025\/07\/07A2959.jpg","datePublished":"2025-07-08T16:02:47+00:00","dateModified":"2026-02-18T12:02:03+00:00","breadcrumb":{"@id":"https:\/\/janina-sachse.de\/#breadcrumb"},"inLanguage":"pl-PL","potentialAction":[{"@type":"ReadAction","target":["https:\/\/janina-sachse.de\/"]}]},{"@type":"ImageObject","inLanguage":"pl-PL","@id":"https:\/\/janina-sachse.de\/#primaryimage","url":"https:\/\/janina-sachse.de\/wp-content\/uploads\/2025\/07\/07A2959.jpg","contentUrl":"https:\/\/janina-sachse.de\/wp-content\/uploads\/2025\/07\/07A2959.jpg","width":1276,"height":851},{"@type":"BreadcrumbList","@id":"https:\/\/janina-sachse.de\/#breadcrumb","itemListElement":[{"@type":"ListItem","position":1,"name":"Startseite","item":"https:\/\/janina-sachse.de\/"},{"@type":"ListItem","position":2,"name":"Start"}]},{"@type":"WebSite","@id":"https:\/\/janina-sachse.de\/#website","url":"https:\/\/janina-sachse.de\/","name":"Konferenzdolmetscherin Janina Sachse","description":"dolmetschen polnisch berlin englisch konferenzdolmetschen","publisher":{"@id":"https:\/\/janina-sachse.de\/#organization"},"potentialAction":[{"@type":"SearchAction","target":{"@type":"EntryPoint","urlTemplate":"https:\/\/janina-sachse.de\/?s={search_term_string}"},"query-input":{"@type":"PropertyValueSpecification","valueRequired":true,"valueName":"search_term_string"}}],"inLanguage":"pl-PL"},{"@type":"Organization","@id":"https:\/\/janina-sachse.de\/#organization","name":"Konferenzdolmetscherin Janina Sachse","url":"https:\/\/janina-sachse.de\/","logo":{"@type":"ImageObject","inLanguage":"pl-PL","@id":"https:\/\/janina-sachse.de\/#\/schema\/logo\/image\/","url":"https:\/\/janina-sachse.de\/wp-content\/uploads\/2025\/07\/header_js_deutsch.png","contentUrl":"https:\/\/janina-sachse.de\/wp-content\/uploads\/2025\/07\/header_js_deutsch.png","width":800,"height":200,"caption":"Konferenzdolmetscherin Janina Sachse"},"image":{"@id":"https:\/\/janina-sachse.de\/#\/schema\/logo\/image\/"}}]}},"_links":{"self":[{"href":"https:\/\/janina-sachse.de\/pl\/wp-json\/wp\/v2\/pages\/688","targetHints":{"allow":["GET"]}}],"collection":[{"href":"https:\/\/janina-sachse.de\/pl\/wp-json\/wp\/v2\/pages"}],"about":[{"href":"https:\/\/janina-sachse.de\/pl\/wp-json\/wp\/v2\/types\/page"}],"author":[{"embeddable":true,"href":"https:\/\/janina-sachse.de\/pl\/wp-json\/wp\/v2\/users\/1"}],"replies":[{"embeddable":true,"href":"https:\/\/janina-sachse.de\/pl\/wp-json\/wp\/v2\/comments?post=688"}],"version-history":[{"count":234,"href":"https:\/\/janina-sachse.de\/pl\/wp-json\/wp\/v2\/pages\/688\/revisions"}],"predecessor-version":[{"id":1814,"href":"https:\/\/janina-sachse.de\/pl\/wp-json\/wp\/v2\/pages\/688\/revisions\/1814"}],"wp:featuredmedia":[{"embeddable":true,"href":"https:\/\/janina-sachse.de\/pl\/wp-json\/wp\/v2\/media\/925"}],"wp:attachment":[{"href":"https:\/\/janina-sachse.de\/pl\/wp-json\/wp\/v2\/media?parent=688"}],"curies":[{"name":"wp","href":"https:\/\/api.w.org\/{rel}","templated":true}]}}