{"id":917,"date":"2025-07-08T16:02:51","date_gmt":"2025-07-08T16:02:51","guid":{"rendered":"http:\/\/staging.janina-sachse.de\/contact\/"},"modified":"2026-02-18T12:07:48","modified_gmt":"2026-02-18T12:07:48","slug":"kontakt","status":"publish","type":"page","link":"https:\/\/janina-sachse.de\/pl\/kontakt\/","title":{"rendered":"Kontakt"},"content":{"rendered":"<div data-elementor-type=\"wp-page\" data-elementor-id=\"917\" class=\"elementor elementor-917\">\n\t\t\t\t<div class=\"elementor-element elementor-element-c1cddec e-flex e-con-boxed e-con e-parent\" data-id=\"c1cddec\" data-element_type=\"container\" data-e-type=\"container\" data-settings=\"{&quot;background_background&quot;:&quot;classic&quot;}\">\n\t\t\t\t\t<div class=\"e-con-inner\">\n\t\t<div class=\"elementor-element elementor-element-b348c58 e-con-full e-flex e-con e-child\" data-id=\"b348c58\" data-element_type=\"container\" data-e-type=\"container\">\n\t\t\t\t<div class=\"elementor-element elementor-element-5dce63a elementor-widget elementor-widget-heading\" data-id=\"5dce63a\" data-element_type=\"widget\" data-e-type=\"widget\" data-widget_type=\"heading.default\">\n\t\t\t\t<div class=\"elementor-widget-container\">\n\t\t\t\t\t<h2 class=\"elementor-heading-title elementor-size-default\">Bitte einsteigen!<\/h2>\t\t\t\t<\/div>\n\t\t\t\t<\/div>\n\t\t\t\t<div class=\"elementor-element elementor-element-7bd5d43 elementor-widget__width-initial elementor-widget elementor-widget-text-editor\" data-id=\"7bd5d43\" data-element_type=\"widget\" data-e-type=\"widget\" data-widget_type=\"text-editor.default\">\n\t\t\t\t<div class=\"elementor-widget-container\">\n\t\t\t\t\t\t\t\t\t<p>Ich freue mich auf Ihre Anfrage.<\/p>\t\t\t\t\t\t\t\t<\/div>\n\t\t\t\t<\/div>\n\t\t\t\t<\/div>\n\t\t\t\t\t<\/div>\n\t\t\t\t<\/div>\n\t\t\t\t<section class=\"elementor-section elementor-top-section elementor-element elementor-element-czjat2l elementor-section-content-middle elementor-section-boxed elementor-section-height-default elementor-section-height-default\" data-id=\"czjat2l\" data-element_type=\"section\" data-e-type=\"section\" data-settings=\"{&quot;background_background&quot;:&quot;classic&quot;}\">\n\t\t\t\t\t\t\t<div class=\"elementor-background-overlay\"><\/div>\n\t\t\t\t\t\t\t<div class=\"elementor-container elementor-column-gap-no\">\n\t\t\t\t\t<div class=\"elementor-column elementor-col-50 elementor-top-column elementor-element elementor-element-9247ec0\" data-id=\"9247ec0\" data-element_type=\"column\" data-e-type=\"column\">\n\t\t\t<div class=\"elementor-widget-wrap elementor-element-populated\">\n\t\t\t\t\t\t<div class=\"elementor-element elementor-element-f003f55 elementor-widget elementor-widget-heading\" data-id=\"f003f55\" data-element_type=\"widget\" data-e-type=\"widget\" data-widget_type=\"heading.default\">\n\t\t\t\t<div class=\"elementor-widget-container\">\n\t\t\t\t\t<h2 class=\"elementor-heading-title elementor-size-default\">Los geht's<\/h2>\t\t\t\t<\/div>\n\t\t\t\t<\/div>\n\t\t\t\t<div class=\"elementor-element elementor-element-aba5f59 elementor-widget elementor-widget-text-editor\" data-id=\"aba5f59\" data-element_type=\"widget\" data-e-type=\"widget\" data-widget_type=\"text-editor.default\">\n\t\t\t\t<div class=\"elementor-widget-container\">\n\t\t\t\t\t\t\t\t\t<p><strong>Egal, ob nach Warschau oder nur zur Warschauer Stra\u00dfe &#8211; ich reise gerne zu Ihrer Veranstaltung.<\/strong><\/p><p>Auf Anfrage erstelle ich gerne ein individuelles Angebot f\u00fcr Sie. Wenn weitere Sprachen oder ein gr\u00f6\u00dferes Team ben\u00f6tigt werden &#8211; kein Problem. Wir sind gut vernetzt.<\/p><p>info@janina-sachse.de<\/p><p>+49 170 66 41 944<\/p><p>+49 30 6322 6322<\/p>\t\t\t\t\t\t\t\t<\/div>\n\t\t\t\t<\/div>\n\t\t\t\t<div class=\"elementor-element elementor-element-d74cab1 elementor-widget elementor-widget-wpforms\" data-id=\"d74cab1\" data-element_type=\"widget\" data-e-type=\"widget\" data-widget_type=\"wpforms.default\">\n\t\t\t\t<div class=\"elementor-widget-container\">\n\t\t\t\t\t<style id=\"wpforms-css-vars-elementor-widget-d74cab1\">\n\t\t\t\t.elementor-widget-wpforms.elementor-element-d74cab1 {\n\t\t\t\t--wpforms-background-url: url( http:\/\/staging.janina-sachse.de\/wp-content\/plugins\/elementor\/assets\/images\/placeholder.png );\n\t\t\t}\n\t\t\t<\/style>\t\t\t\t<\/div>\n\t\t\t\t<\/div>\n\t\t\t\t\t<\/div>\n\t\t<\/div>\n\t\t\t\t<div class=\"elementor-column elementor-col-50 elementor-top-column elementor-element elementor-element-3bcc9c8\" data-id=\"3bcc9c8\" data-element_type=\"column\" data-e-type=\"column\">\n\t\t\t<div class=\"elementor-widget-wrap elementor-element-populated\">\n\t\t\t\t\t\t<div class=\"elementor-element elementor-element-d2d69e7 elementor-widget__width-initial elementor-widget elementor-widget-image\" data-id=\"d2d69e7\" data-element_type=\"widget\" data-e-type=\"widget\" data-widget_type=\"image.default\">\n\t\t\t\t<div class=\"elementor-widget-container\">\n\t\t\t\t\t\t\t\t\t\t\t\t\t\t\t<img fetchpriority=\"high\" decoding=\"async\" width=\"1707\" height=\"2560\" src=\"https:\/\/janina-sachse.de\/wp-content\/uploads\/2026\/02\/MarlenePfau-3084-scaled.jpg\" class=\"attachment-full size-full wp-image-1831\" alt=\"\" srcset=\"https:\/\/janina-sachse.de\/wp-content\/uploads\/2026\/02\/MarlenePfau-3084-scaled.jpg 1707w, https:\/\/janina-sachse.de\/wp-content\/uploads\/2026\/02\/MarlenePfau-3084-200x300.jpg 200w, https:\/\/janina-sachse.de\/wp-content\/uploads\/2026\/02\/MarlenePfau-3084-683x1024.jpg 683w, https:\/\/janina-sachse.de\/wp-content\/uploads\/2026\/02\/MarlenePfau-3084-768x1151.jpg 768w, https:\/\/janina-sachse.de\/wp-content\/uploads\/2026\/02\/MarlenePfau-3084-1024x1536.jpg 1024w, https:\/\/janina-sachse.de\/wp-content\/uploads\/2026\/02\/MarlenePfau-3084-1366x2048.jpg 1366w, https:\/\/janina-sachse.de\/wp-content\/uploads\/2026\/02\/MarlenePfau-3084-8x12.jpg 8w\" sizes=\"(max-width: 1707px) 100vw, 1707px\" \/>\t\t\t\t\t\t\t\t\t\t\t\t\t\t\t<\/div>\n\t\t\t\t<\/div>\n\t\t\t\t\t<\/div>\n\t\t<\/div>\n\t\t\t\t\t<\/div>\n\t\t<\/section>\n\t\t\t\t<\/div>","protected":false},"excerpt":{"rendered":"<p>Bitte einsteigen! Ich freue mich auf Ihre Anfrage. Los geht&#8217;s Egal, ob nach Warschau oder nur zur Warschauer Stra\u00dfe &#8211; [&hellip;]<\/p>","protected":false},"author":1,"featured_media":0,"parent":0,"menu_order":0,"comment_status":"closed","ping_status":"closed","template":"","meta":{"site-sidebar-layout":"no-sidebar","site-content-layout":"","ast-site-content-layout":"full-width-container","site-content-style":"default","site-sidebar-style":"default","ast-global-header-display":"","ast-banner-title-visibility":"","ast-main-header-display":"","ast-hfb-above-header-display":"","ast-hfb-below-header-display":"","ast-hfb-mobile-header-display":"","site-post-title":"disabled","ast-breadcrumbs-content":"","ast-featured-img":"disabled","footer-sml-layout":"","theme-transparent-header-meta":"","adv-header-id-meta":"","stick-header-meta":"","header-above-stick-meta":"","header-main-stick-meta":"","header-below-stick-meta":"","astra-migrate-meta-layouts":"default","ast-page-background-enabled":"default","ast-page-background-meta":{"desktop":{"background-color":"var(--ast-global-color-4)","background-image":"","background-repeat":"repeat","background-position":"center center","background-size":"auto","background-attachment":"scroll","background-type":"","background-media":"","overlay-type":"","overlay-color":"","overlay-opacity":"","overlay-gradient":""},"tablet":{"background-color":"","background-image":"","background-repeat":"repeat","background-position":"center center","background-size":"auto","background-attachment":"scroll","background-type":"","background-media":"","overlay-type":"","overlay-color":"","overlay-opacity":"","overlay-gradient":""},"mobile":{"background-color":"","background-image":"","background-repeat":"repeat","background-position":"center center","background-size":"auto","background-attachment":"scroll","background-type":"","background-media":"","overlay-type":"","overlay-color":"","overlay-opacity":"","overlay-gradient":""}},"ast-content-background-meta":{"desktop":{"background-color":"var(--ast-global-color-5)","background-image":"","background-repeat":"repeat","background-position":"center center","background-size":"auto","background-attachment":"scroll","background-type":"","background-media":"","overlay-type":"","overlay-color":"","overlay-opacity":"","overlay-gradient":""},"tablet":{"background-color":"var(--ast-global-color-5)","background-image":"","background-repeat":"repeat","background-position":"center center","background-size":"auto","background-attachment":"scroll","background-type":"","background-media":"","overlay-type":"","overlay-color":"","overlay-opacity":"","overlay-gradient":""},"mobile":{"background-color":"var(--ast-global-color-5)","background-image":"","background-repeat":"repeat","background-position":"center center","background-size":"auto","background-attachment":"scroll","background-type":"","background-media":"","overlay-type":"","overlay-color":"","overlay-opacity":"","overlay-gradient":""}},"footnotes":""},"class_list":["post-917","page","type-page","status-publish","hentry"],"yoast_head":"<!-- This site is optimized with the Yoast SEO plugin v27.5 - https:\/\/yoast.com\/product\/yoast-seo-wordpress\/ -->\n<title>Kontakt - Konferenzdolmetscherin Janina Sachse<\/title>\n<meta name=\"robots\" content=\"index, follow, max-snippet:-1, max-image-preview:large, max-video-preview:-1\" \/>\n<link rel=\"canonical\" href=\"https:\/\/janina-sachse.de\/pl\/kontakt\/\" \/>\n<meta property=\"og:locale\" content=\"pl_PL\" \/>\n<meta property=\"og:type\" content=\"article\" \/>\n<meta property=\"og:title\" content=\"Kontakt - Konferenzdolmetscherin Janina Sachse\" \/>\n<meta property=\"og:description\" content=\"Bitte einsteigen! Ich freue mich auf Ihre Anfrage. Los geht&#8217;s Egal, ob nach Warschau oder nur zur Warschauer Stra\u00dfe &#8211; [&hellip;]\" \/>\n<meta property=\"og:url\" content=\"https:\/\/janina-sachse.de\/pl\/kontakt\/\" \/>\n<meta property=\"og:site_name\" content=\"Konferenzdolmetscherin Janina Sachse\" \/>\n<meta property=\"article:modified_time\" content=\"2026-02-18T12:07:48+00:00\" \/>\n<meta property=\"og:image\" content=\"https:\/\/janina-sachse.de\/wp-content\/uploads\/2026\/02\/MarlenePfau-3084-scaled.jpg\" \/>\n<meta name=\"twitter:card\" content=\"summary_large_image\" \/>\n<meta name=\"twitter:label1\" content=\"Szacowany czas czytania\" \/>\n\t<meta name=\"twitter:data1\" content=\"1 minuta\" \/>\n<script type=\"application\/ld+json\" class=\"yoast-schema-graph\">{\"@context\":\"https:\\\/\\\/schema.org\",\"@graph\":[{\"@type\":\"WebPage\",\"@id\":\"https:\\\/\\\/janina-sachse.de\\\/kontakt\\\/\",\"url\":\"https:\\\/\\\/janina-sachse.de\\\/kontakt\\\/\",\"name\":\"Kontakt - Konferenzdolmetscherin Janina Sachse\",\"isPartOf\":{\"@id\":\"https:\\\/\\\/janina-sachse.de\\\/#website\"},\"primaryImageOfPage\":{\"@id\":\"https:\\\/\\\/janina-sachse.de\\\/kontakt\\\/#primaryimage\"},\"image\":{\"@id\":\"https:\\\/\\\/janina-sachse.de\\\/kontakt\\\/#primaryimage\"},\"thumbnailUrl\":\"https:\\\/\\\/janina-sachse.de\\\/wp-content\\\/uploads\\\/2026\\\/02\\\/MarlenePfau-3084-scaled.jpg\",\"datePublished\":\"2025-07-08T16:02:51+00:00\",\"dateModified\":\"2026-02-18T12:07:48+00:00\",\"breadcrumb\":{\"@id\":\"https:\\\/\\\/janina-sachse.de\\\/kontakt\\\/#breadcrumb\"},\"inLanguage\":\"pl-PL\",\"potentialAction\":[{\"@type\":\"ReadAction\",\"target\":[\"https:\\\/\\\/janina-sachse.de\\\/kontakt\\\/\"]}]},{\"@type\":\"ImageObject\",\"inLanguage\":\"pl-PL\",\"@id\":\"https:\\\/\\\/janina-sachse.de\\\/kontakt\\\/#primaryimage\",\"url\":\"https:\\\/\\\/janina-sachse.de\\\/wp-content\\\/uploads\\\/2026\\\/02\\\/MarlenePfau-3084-scaled.jpg\",\"contentUrl\":\"https:\\\/\\\/janina-sachse.de\\\/wp-content\\\/uploads\\\/2026\\\/02\\\/MarlenePfau-3084-scaled.jpg\"},{\"@type\":\"BreadcrumbList\",\"@id\":\"https:\\\/\\\/janina-sachse.de\\\/kontakt\\\/#breadcrumb\",\"itemListElement\":[{\"@type\":\"ListItem\",\"position\":1,\"name\":\"Startseite\",\"item\":\"https:\\\/\\\/janina-sachse.de\\\/\"},{\"@type\":\"ListItem\",\"position\":2,\"name\":\"Kontakt\"}]},{\"@type\":\"WebSite\",\"@id\":\"https:\\\/\\\/janina-sachse.de\\\/#website\",\"url\":\"https:\\\/\\\/janina-sachse.de\\\/\",\"name\":\"Konferenzdolmetscherin Janina Sachse\",\"description\":\"dolmetschen polnisch berlin englisch konferenzdolmetschen\",\"publisher\":{\"@id\":\"https:\\\/\\\/janina-sachse.de\\\/#organization\"},\"potentialAction\":[{\"@type\":\"SearchAction\",\"target\":{\"@type\":\"EntryPoint\",\"urlTemplate\":\"https:\\\/\\\/janina-sachse.de\\\/?s={search_term_string}\"},\"query-input\":{\"@type\":\"PropertyValueSpecification\",\"valueRequired\":true,\"valueName\":\"search_term_string\"}}],\"inLanguage\":\"pl-PL\"},{\"@type\":\"Organization\",\"@id\":\"https:\\\/\\\/janina-sachse.de\\\/#organization\",\"name\":\"Konferenzdolmetscherin Janina Sachse\",\"url\":\"https:\\\/\\\/janina-sachse.de\\\/\",\"logo\":{\"@type\":\"ImageObject\",\"inLanguage\":\"pl-PL\",\"@id\":\"https:\\\/\\\/janina-sachse.de\\\/#\\\/schema\\\/logo\\\/image\\\/\",\"url\":\"https:\\\/\\\/janina-sachse.de\\\/wp-content\\\/uploads\\\/2025\\\/07\\\/header_js_deutsch.png\",\"contentUrl\":\"https:\\\/\\\/janina-sachse.de\\\/wp-content\\\/uploads\\\/2025\\\/07\\\/header_js_deutsch.png\",\"width\":800,\"height\":200,\"caption\":\"Konferenzdolmetscherin Janina Sachse\"},\"image\":{\"@id\":\"https:\\\/\\\/janina-sachse.de\\\/#\\\/schema\\\/logo\\\/image\\\/\"}}]}<\/script>\n<!-- \/ Yoast SEO plugin. -->","yoast_head_json":{"title":"Kontakt - Konferenzdolmetscherin Janina Sachse","robots":{"index":"index","follow":"follow","max-snippet":"max-snippet:-1","max-image-preview":"max-image-preview:large","max-video-preview":"max-video-preview:-1"},"canonical":"https:\/\/janina-sachse.de\/pl\/kontakt\/","og_locale":"pl_PL","og_type":"article","og_title":"Kontakt - Konferenzdolmetscherin Janina Sachse","og_description":"Bitte einsteigen! Ich freue mich auf Ihre Anfrage. Los geht&#8217;s Egal, ob nach Warschau oder nur zur Warschauer Stra\u00dfe &#8211; [&hellip;]","og_url":"https:\/\/janina-sachse.de\/pl\/kontakt\/","og_site_name":"Konferenzdolmetscherin Janina Sachse","article_modified_time":"2026-02-18T12:07:48+00:00","og_image":[{"url":"https:\/\/janina-sachse.de\/wp-content\/uploads\/2026\/02\/MarlenePfau-3084-scaled.jpg","type":"","width":"","height":""}],"twitter_card":"summary_large_image","twitter_misc":{"Szacowany czas czytania":"1 minuta"},"schema":{"@context":"https:\/\/schema.org","@graph":[{"@type":"WebPage","@id":"https:\/\/janina-sachse.de\/kontakt\/","url":"https:\/\/janina-sachse.de\/kontakt\/","name":"Kontakt - Konferenzdolmetscherin Janina Sachse","isPartOf":{"@id":"https:\/\/janina-sachse.de\/#website"},"primaryImageOfPage":{"@id":"https:\/\/janina-sachse.de\/kontakt\/#primaryimage"},"image":{"@id":"https:\/\/janina-sachse.de\/kontakt\/#primaryimage"},"thumbnailUrl":"https:\/\/janina-sachse.de\/wp-content\/uploads\/2026\/02\/MarlenePfau-3084-scaled.jpg","datePublished":"2025-07-08T16:02:51+00:00","dateModified":"2026-02-18T12:07:48+00:00","breadcrumb":{"@id":"https:\/\/janina-sachse.de\/kontakt\/#breadcrumb"},"inLanguage":"pl-PL","potentialAction":[{"@type":"ReadAction","target":["https:\/\/janina-sachse.de\/kontakt\/"]}]},{"@type":"ImageObject","inLanguage":"pl-PL","@id":"https:\/\/janina-sachse.de\/kontakt\/#primaryimage","url":"https:\/\/janina-sachse.de\/wp-content\/uploads\/2026\/02\/MarlenePfau-3084-scaled.jpg","contentUrl":"https:\/\/janina-sachse.de\/wp-content\/uploads\/2026\/02\/MarlenePfau-3084-scaled.jpg"},{"@type":"BreadcrumbList","@id":"https:\/\/janina-sachse.de\/kontakt\/#breadcrumb","itemListElement":[{"@type":"ListItem","position":1,"name":"Startseite","item":"https:\/\/janina-sachse.de\/"},{"@type":"ListItem","position":2,"name":"Kontakt"}]},{"@type":"WebSite","@id":"https:\/\/janina-sachse.de\/#website","url":"https:\/\/janina-sachse.de\/","name":"Konferenzdolmetscherin Janina Sachse","description":"dolmetschen polnisch berlin englisch konferenzdolmetschen","publisher":{"@id":"https:\/\/janina-sachse.de\/#organization"},"potentialAction":[{"@type":"SearchAction","target":{"@type":"EntryPoint","urlTemplate":"https:\/\/janina-sachse.de\/?s={search_term_string}"},"query-input":{"@type":"PropertyValueSpecification","valueRequired":true,"valueName":"search_term_string"}}],"inLanguage":"pl-PL"},{"@type":"Organization","@id":"https:\/\/janina-sachse.de\/#organization","name":"Konferenzdolmetscherin Janina Sachse","url":"https:\/\/janina-sachse.de\/","logo":{"@type":"ImageObject","inLanguage":"pl-PL","@id":"https:\/\/janina-sachse.de\/#\/schema\/logo\/image\/","url":"https:\/\/janina-sachse.de\/wp-content\/uploads\/2025\/07\/header_js_deutsch.png","contentUrl":"https:\/\/janina-sachse.de\/wp-content\/uploads\/2025\/07\/header_js_deutsch.png","width":800,"height":200,"caption":"Konferenzdolmetscherin Janina Sachse"},"image":{"@id":"https:\/\/janina-sachse.de\/#\/schema\/logo\/image\/"}}]}},"_links":{"self":[{"href":"https:\/\/janina-sachse.de\/pl\/wp-json\/wp\/v2\/pages\/917","targetHints":{"allow":["GET"]}}],"collection":[{"href":"https:\/\/janina-sachse.de\/pl\/wp-json\/wp\/v2\/pages"}],"about":[{"href":"https:\/\/janina-sachse.de\/pl\/wp-json\/wp\/v2\/types\/page"}],"author":[{"embeddable":true,"href":"https:\/\/janina-sachse.de\/pl\/wp-json\/wp\/v2\/users\/1"}],"replies":[{"embeddable":true,"href":"https:\/\/janina-sachse.de\/pl\/wp-json\/wp\/v2\/comments?post=917"}],"version-history":[{"count":50,"href":"https:\/\/janina-sachse.de\/pl\/wp-json\/wp\/v2\/pages\/917\/revisions"}],"predecessor-version":[{"id":1834,"href":"https:\/\/janina-sachse.de\/pl\/wp-json\/wp\/v2\/pages\/917\/revisions\/1834"}],"wp:attachment":[{"href":"https:\/\/janina-sachse.de\/pl\/wp-json\/wp\/v2\/media?parent=917"}],"curies":[{"name":"wp","href":"https:\/\/api.w.org\/{rel}","templated":true}]}}