{"id":918,"date":"2025-07-08T16:02:51","date_gmt":"2025-07-08T16:02:51","guid":{"rendered":"http:\/\/staging.janina-sachse.de\/services\/"},"modified":"2026-02-18T12:05:00","modified_gmt":"2026-02-18T12:05:00","slug":"services","status":"publish","type":"page","link":"https:\/\/janina-sachse.de\/pl\/services\/","title":{"rendered":"Leistungen"},"content":{"rendered":"<div data-elementor-type=\"wp-page\" data-elementor-id=\"918\" class=\"elementor elementor-918\">\n\t\t\t\t<div class=\"elementor-element elementor-element-18388af e-flex e-con-boxed e-con e-parent\" data-id=\"18388af\" data-element_type=\"container\" data-e-type=\"container\" data-settings=\"{&quot;background_background&quot;:&quot;classic&quot;}\">\n\t\t\t\t\t<div class=\"e-con-inner\">\n\t\t<div class=\"elementor-element elementor-element-3dc5869 e-con-full e-flex e-con e-child\" data-id=\"3dc5869\" data-element_type=\"container\" data-e-type=\"container\">\n\t\t\t\t<div class=\"elementor-element elementor-element-093cf16 elementor-widget__width-initial elementor-widget elementor-widget-heading\" data-id=\"093cf16\" data-element_type=\"widget\" data-e-type=\"widget\" data-widget_type=\"heading.default\">\n\t\t\t\t<div class=\"elementor-widget-container\">\n\t\t\t\t\t<h2 class=\"elementor-heading-title elementor-size-default\">Wollen Sie wissen, was hier steht?<\/h2>\t\t\t\t<\/div>\n\t\t\t\t<\/div>\n\t\t\t\t<\/div>\n\t\t<div class=\"elementor-element elementor-element-38545f9 e-con-full e-flex e-con e-child\" data-id=\"38545f9\" data-element_type=\"container\" data-e-type=\"container\">\n\t\t\t\t<\/div>\n\t\t<div class=\"elementor-element elementor-element-90add27 e-con-full e-flex e-con e-child\" data-id=\"90add27\" data-element_type=\"container\" data-e-type=\"container\">\n\t\t\t\t<\/div>\n\t\t<div class=\"elementor-element elementor-element-9ffc1d5 e-con-full e-flex e-con e-child\" data-id=\"9ffc1d5\" data-element_type=\"container\" data-e-type=\"container\">\n\t\t\t\t<\/div>\n\t\t<div class=\"elementor-element elementor-element-797542c e-con-full e-flex e-con e-child\" data-id=\"797542c\" data-element_type=\"container\" data-e-type=\"container\">\n\t\t\t\t<div class=\"elementor-element elementor-element-214d266 elementor-widget elementor-widget-button\" data-id=\"214d266\" data-element_type=\"widget\" data-e-type=\"widget\" data-widget_type=\"button.default\">\n\t\t\t\t<div class=\"elementor-widget-container\">\n\t\t\t\t\t\t\t\t\t<div class=\"elementor-button-wrapper\">\n\t\t\t\t\t<a class=\"elementor-button elementor-button-link elementor-size-sm\" href=\"https:\/\/janina-sachse.de\/pl\/blog\/\">\n\t\t\t\t\t\t<span class=\"elementor-button-content-wrapper\">\n\t\t\t\t\t\t\t\t\t<span class=\"elementor-button-text\">L\u00f6sung<\/span>\n\t\t\t\t\t<\/span>\n\t\t\t\t\t<\/a>\n\t\t\t\t<\/div>\n\t\t\t\t\t\t\t\t<\/div>\n\t\t\t\t<\/div>\n\t\t\t\t<\/div>\n\t\t\t\t\t<\/div>\n\t\t\t\t<\/div>\n\t\t\t\t<section class=\"elementor-section elementor-top-section elementor-element elementor-element-vuulo2z elementor-section-content-middle elementor-section-boxed elementor-section-height-default elementor-section-height-default\" data-id=\"vuulo2z\" data-element_type=\"section\" data-e-type=\"section\" data-settings=\"{&quot;background_background&quot;:&quot;classic&quot;}\">\n\t\t\t\t\t\t\t<div class=\"elementor-background-overlay\"><\/div>\n\t\t\t\t\t\t\t<div class=\"elementor-container elementor-column-gap-no\">\n\t\t\t\t\t<div class=\"elementor-column elementor-col-50 elementor-top-column elementor-element elementor-element-9247ec0\" data-id=\"9247ec0\" data-element_type=\"column\" data-e-type=\"column\">\n\t\t\t<div class=\"elementor-widget-wrap elementor-element-populated\">\n\t\t\t\t\t\t<div class=\"elementor-element elementor-element-f003f55 elementor-widget elementor-widget-heading\" data-id=\"f003f55\" data-element_type=\"widget\" data-e-type=\"widget\" data-widget_type=\"heading.default\">\n\t\t\t\t<div class=\"elementor-widget-container\">\n\t\t\t\t\t<h2 class=\"elementor-heading-title elementor-size-default\">Angebot<\/h2>\t\t\t\t<\/div>\n\t\t\t\t<\/div>\n\t\t\t\t<div class=\"elementor-element elementor-element-aba5f59 elementor-widget elementor-widget-text-editor\" data-id=\"aba5f59\" data-element_type=\"widget\" data-e-type=\"widget\" data-widget_type=\"text-editor.default\">\n\t\t\t\t<div class=\"elementor-widget-container\">\n\t\t\t\t\t\t\t\t\t<p>Ob <strong>Fachkonferenz<\/strong>, bilaterale Gespr\u00e4che, Vernetzungstreffen, St\u00e4dtepartnerschaft, Ausstellungser\u00f6ffnung, Symposium oder Werksbesichtigung &#8211; nichts ist unm\u00f6glich, und als Konferenzdolmetscherin sind die Einsatzm\u00f6glichkeiten vielf\u00e4ltig.<\/p><p><strong>Konsekutivdolmetschen<\/strong> bei Reden, diplomatischen Anl\u00e4ssen oder Verhandlungen, <strong>Simultandolmetschen<\/strong> in der Kabine oder auch mal mit PFA oder als <strong>Fl\u00fcsterdolmetschen<\/strong>.<\/p><p>Oder die in letzter Zeit vermehrt nachgefragten <strong>Remote<\/strong>-L\u00f6sungen bei Online-Veranstaltungen.<\/p><p>Ich arbeite mit den Sprachen <strong>Deutsch<\/strong>, <strong>Polnisch<\/strong> und <strong>Englisch<\/strong>.<\/p><p>Und zwar in allen Kombinationen.<\/p>\t\t\t\t\t\t\t\t<\/div>\n\t\t\t\t<\/div>\n\t\t\t\t\t<\/div>\n\t\t<\/div>\n\t\t\t\t<div class=\"elementor-column elementor-col-50 elementor-top-column elementor-element elementor-element-3bcc9c8\" data-id=\"3bcc9c8\" data-element_type=\"column\" data-e-type=\"column\">\n\t\t\t<div class=\"elementor-widget-wrap elementor-element-populated\">\n\t\t\t\t\t\t<div class=\"elementor-element elementor-element-d2d69e7 elementor-widget elementor-widget-image\" data-id=\"d2d69e7\" data-element_type=\"widget\" data-e-type=\"widget\" data-widget_type=\"image.default\">\n\t\t\t\t<div class=\"elementor-widget-container\">\n\t\t\t\t\t\t\t\t\t\t\t\t\t\t\t<img fetchpriority=\"high\" decoding=\"async\" width=\"2048\" height=\"1365\" src=\"https:\/\/janina-sachse.de\/wp-content\/uploads\/2025\/10\/P1_02788.jpg\" class=\"attachment-full size-full wp-image-1765\" alt=\"\" srcset=\"https:\/\/janina-sachse.de\/wp-content\/uploads\/2025\/10\/P1_02788.jpg 2048w, https:\/\/janina-sachse.de\/wp-content\/uploads\/2025\/10\/P1_02788-300x200.jpg 300w, https:\/\/janina-sachse.de\/wp-content\/uploads\/2025\/10\/P1_02788-1024x683.jpg 1024w, https:\/\/janina-sachse.de\/wp-content\/uploads\/2025\/10\/P1_02788-768x512.jpg 768w, https:\/\/janina-sachse.de\/wp-content\/uploads\/2025\/10\/P1_02788-1536x1024.jpg 1536w, https:\/\/janina-sachse.de\/wp-content\/uploads\/2025\/10\/P1_02788-18x12.jpg 18w\" sizes=\"(max-width: 2048px) 100vw, 2048px\" \/>\t\t\t\t\t\t\t\t\t\t\t\t\t\t\t<\/div>\n\t\t\t\t<\/div>\n\t\t\t\t\t<\/div>\n\t\t<\/div>\n\t\t\t\t\t<\/div>\n\t\t<\/section>\n\t\t\t\t<section class=\"elementor-section elementor-top-section elementor-element elementor-element-a9ru16f elementor-section-content-middle elementor-section-boxed elementor-section-height-default elementor-section-height-default\" data-id=\"a9ru16f\" data-element_type=\"section\" data-e-type=\"section\" data-settings=\"{&quot;background_background&quot;:&quot;classic&quot;}\">\n\t\t\t\t\t\t\t<div class=\"elementor-background-overlay\"><\/div>\n\t\t\t\t\t\t\t<div class=\"elementor-container elementor-column-gap-no\">\n\t\t\t\t\t<div class=\"elementor-column elementor-col-50 elementor-top-column elementor-element elementor-element-957c1a9\" data-id=\"957c1a9\" data-element_type=\"column\" data-e-type=\"column\">\n\t\t\t<div class=\"elementor-widget-wrap elementor-element-populated\">\n\t\t\t\t\t\t<div class=\"elementor-element elementor-element-fd47f1d elementor-widget__width-initial elementor-widget elementor-widget-image\" data-id=\"fd47f1d\" data-element_type=\"widget\" data-e-type=\"widget\" data-widget_type=\"image.default\">\n\t\t\t\t<div class=\"elementor-widget-container\">\n\t\t\t\t\t\t\t\t\t\t\t\t\t\t\t<img decoding=\"async\" width=\"1175\" height=\"642\" src=\"https:\/\/janina-sachse.de\/wp-content\/uploads\/2025\/10\/Leistungen-B.jpg\" class=\"attachment-full size-full wp-image-1753\" alt=\"\" srcset=\"https:\/\/janina-sachse.de\/wp-content\/uploads\/2025\/10\/Leistungen-B.jpg 1175w, https:\/\/janina-sachse.de\/wp-content\/uploads\/2025\/10\/Leistungen-B-300x164.jpg 300w, https:\/\/janina-sachse.de\/wp-content\/uploads\/2025\/10\/Leistungen-B-1024x559.jpg 1024w, https:\/\/janina-sachse.de\/wp-content\/uploads\/2025\/10\/Leistungen-B-768x420.jpg 768w, https:\/\/janina-sachse.de\/wp-content\/uploads\/2025\/10\/Leistungen-B-18x10.jpg 18w\" sizes=\"(max-width: 1175px) 100vw, 1175px\" \/>\t\t\t\t\t\t\t\t\t\t\t\t\t\t\t<\/div>\n\t\t\t\t<\/div>\n\t\t\t\t\t<\/div>\n\t\t<\/div>\n\t\t\t\t<div class=\"elementor-column elementor-col-50 elementor-top-column elementor-element elementor-element-75109e3\" data-id=\"75109e3\" data-element_type=\"column\" data-e-type=\"column\">\n\t\t\t<div class=\"elementor-widget-wrap elementor-element-populated\">\n\t\t\t\t\t\t<div class=\"elementor-element elementor-element-0806230 elementor-widget elementor-widget-heading\" data-id=\"0806230\" data-element_type=\"widget\" data-e-type=\"widget\" data-widget_type=\"heading.default\">\n\t\t\t\t<div class=\"elementor-widget-container\">\n\t\t\t\t\t<h2 class=\"elementor-heading-title elementor-size-default\">Fachgebiete<\/h2>\t\t\t\t<\/div>\n\t\t\t\t<\/div>\n\t\t\t\t<div class=\"elementor-element elementor-element-27a622b elementor-widget elementor-widget-text-editor\" data-id=\"27a622b\" data-element_type=\"widget\" data-e-type=\"widget\" data-widget_type=\"text-editor.default\">\n\t\t\t\t<div class=\"elementor-widget-container\">\n\t\t\t\t\t\t\t\t\t<p>Ob Politik, Landwirtschaft oder Energiebranche,<br \/>Theater, Sport oder Zivilschutz &#8211; <strong>Alles schon mal dagewesen<\/strong>.\u00a0<\/p><p>Die Einarbeitung in neue Fachgebiete geh\u00f6rt wie die gewissenhafte <strong>Vorbereitung<\/strong> auf jeden Einsatz zu meinem Beruf.<\/p><h1>Preise<\/h1><p>Das <strong>Honorar<\/strong> f\u00fcr Dolmetsch- und \u00dcbersetzungsleistungen ist abh\u00e4ngig von einer Reihe Faktoren, z.B. Sprachkombination, Fachgebiet, Dolmetschmodus.\u00a0<br \/>Auf Anfrage berate ich Sie gerne und erstelle Ihnen ein auf Ihre Veranstaltung zugeschnittenes <strong>Angebot<\/strong>.<\/p>\t\t\t\t\t\t\t\t<\/div>\n\t\t\t\t<\/div>\n\t\t\t\t\t<\/div>\n\t\t<\/div>\n\t\t\t\t\t<\/div>\n\t\t<\/section>\n\t\t\t\t<\/div>","protected":false},"excerpt":{"rendered":"<p>Wollen Sie wissen, was hier steht? L\u00f6sung Angebot Ob Fachkonferenz, bilaterale Gespr\u00e4che, Vernetzungstreffen, St\u00e4dtepartnerschaft, Ausstellungser\u00f6ffnung, Symposium oder Werksbesichtigung &#8211; nichts [&hellip;]<\/p>","protected":false},"author":1,"featured_media":0,"parent":0,"menu_order":0,"comment_status":"closed","ping_status":"closed","template":"","meta":{"site-sidebar-layout":"no-sidebar","site-content-layout":"","ast-site-content-layout":"full-width-container","site-content-style":"default","site-sidebar-style":"default","ast-global-header-display":"","ast-banner-title-visibility":"","ast-main-header-display":"","ast-hfb-above-header-display":"","ast-hfb-below-header-display":"","ast-hfb-mobile-header-display":"","site-post-title":"disabled","ast-breadcrumbs-content":"","ast-featured-img":"disabled","footer-sml-layout":"","theme-transparent-header-meta":"","adv-header-id-meta":"","stick-header-meta":"","header-above-stick-meta":"","header-main-stick-meta":"","header-below-stick-meta":"","astra-migrate-meta-layouts":"default","ast-page-background-enabled":"default","ast-page-background-meta":{"desktop":{"background-color":"var(--ast-global-color-4)","background-image":"","background-repeat":"repeat","background-position":"center center","background-size":"auto","background-attachment":"scroll","background-type":"","background-media":"","overlay-type":"","overlay-color":"","overlay-opacity":"","overlay-gradient":""},"tablet":{"background-color":"","background-image":"","background-repeat":"repeat","background-position":"center center","background-size":"auto","background-attachment":"scroll","background-type":"","background-media":"","overlay-type":"","overlay-color":"","overlay-opacity":"","overlay-gradient":""},"mobile":{"background-color":"","background-image":"","background-repeat":"repeat","background-position":"center center","background-size":"auto","background-attachment":"scroll","background-type":"","background-media":"","overlay-type":"","overlay-color":"","overlay-opacity":"","overlay-gradient":""}},"ast-content-background-meta":{"desktop":{"background-color":"var(--ast-global-color-5)","background-image":"","background-repeat":"repeat","background-position":"center center","background-size":"auto","background-attachment":"scroll","background-type":"","background-media":"","overlay-type":"","overlay-color":"","overlay-opacity":"","overlay-gradient":""},"tablet":{"background-color":"var(--ast-global-color-5)","background-image":"","background-repeat":"repeat","background-position":"center center","background-size":"auto","background-attachment":"scroll","background-type":"","background-media":"","overlay-type":"","overlay-color":"","overlay-opacity":"","overlay-gradient":""},"mobile":{"background-color":"var(--ast-global-color-5)","background-image":"","background-repeat":"repeat","background-position":"center center","background-size":"auto","background-attachment":"scroll","background-type":"","background-media":"","overlay-type":"","overlay-color":"","overlay-opacity":"","overlay-gradient":""}},"footnotes":""},"class_list":["post-918","page","type-page","status-publish","hentry"],"yoast_head":"<!-- This site is optimized with the Yoast SEO plugin v27.5 - https:\/\/yoast.com\/product\/yoast-seo-wordpress\/ -->\n<title>Leistungen - Konferenzdolmetscherin Janina Sachse<\/title>\n<meta name=\"robots\" content=\"index, follow, max-snippet:-1, max-image-preview:large, max-video-preview:-1\" \/>\n<link rel=\"canonical\" href=\"https:\/\/janina-sachse.de\/pl\/services\/\" \/>\n<meta property=\"og:locale\" content=\"pl_PL\" \/>\n<meta property=\"og:type\" content=\"article\" \/>\n<meta property=\"og:title\" content=\"Leistungen - Konferenzdolmetscherin Janina Sachse\" \/>\n<meta property=\"og:description\" content=\"Wollen Sie wissen, was hier steht? L\u00f6sung Angebot Ob Fachkonferenz, bilaterale Gespr\u00e4che, Vernetzungstreffen, St\u00e4dtepartnerschaft, Ausstellungser\u00f6ffnung, Symposium oder Werksbesichtigung &#8211; nichts [&hellip;]\" \/>\n<meta property=\"og:url\" content=\"https:\/\/janina-sachse.de\/pl\/services\/\" \/>\n<meta property=\"og:site_name\" content=\"Konferenzdolmetscherin Janina Sachse\" \/>\n<meta property=\"article:modified_time\" content=\"2026-02-18T12:05:00+00:00\" \/>\n<meta property=\"og:image\" content=\"https:\/\/janina-sachse.de\/wp-content\/uploads\/2025\/10\/P1_02788.jpg\" \/>\n\t<meta property=\"og:image:width\" content=\"2048\" \/>\n\t<meta property=\"og:image:height\" content=\"1365\" \/>\n\t<meta property=\"og:image:type\" content=\"image\/jpeg\" \/>\n<meta name=\"twitter:card\" content=\"summary_large_image\" \/>\n<meta name=\"twitter:label1\" content=\"Szacowany czas czytania\" \/>\n\t<meta name=\"twitter:data1\" content=\"2 minuty\" \/>\n<script type=\"application\/ld+json\" class=\"yoast-schema-graph\">{\"@context\":\"https:\\\/\\\/schema.org\",\"@graph\":[{\"@type\":\"WebPage\",\"@id\":\"https:\\\/\\\/janina-sachse.de\\\/services\\\/\",\"url\":\"https:\\\/\\\/janina-sachse.de\\\/services\\\/\",\"name\":\"Leistungen - Konferenzdolmetscherin Janina Sachse\",\"isPartOf\":{\"@id\":\"https:\\\/\\\/janina-sachse.de\\\/#website\"},\"primaryImageOfPage\":{\"@id\":\"https:\\\/\\\/janina-sachse.de\\\/services\\\/#primaryimage\"},\"image\":{\"@id\":\"https:\\\/\\\/janina-sachse.de\\\/services\\\/#primaryimage\"},\"thumbnailUrl\":\"https:\\\/\\\/janina-sachse.de\\\/wp-content\\\/uploads\\\/2025\\\/10\\\/P1_02788.jpg\",\"datePublished\":\"2025-07-08T16:02:51+00:00\",\"dateModified\":\"2026-02-18T12:05:00+00:00\",\"breadcrumb\":{\"@id\":\"https:\\\/\\\/janina-sachse.de\\\/services\\\/#breadcrumb\"},\"inLanguage\":\"pl-PL\",\"potentialAction\":[{\"@type\":\"ReadAction\",\"target\":[\"https:\\\/\\\/janina-sachse.de\\\/services\\\/\"]}]},{\"@type\":\"ImageObject\",\"inLanguage\":\"pl-PL\",\"@id\":\"https:\\\/\\\/janina-sachse.de\\\/services\\\/#primaryimage\",\"url\":\"https:\\\/\\\/janina-sachse.de\\\/wp-content\\\/uploads\\\/2025\\\/10\\\/P1_02788.jpg\",\"contentUrl\":\"https:\\\/\\\/janina-sachse.de\\\/wp-content\\\/uploads\\\/2025\\\/10\\\/P1_02788.jpg\"},{\"@type\":\"BreadcrumbList\",\"@id\":\"https:\\\/\\\/janina-sachse.de\\\/services\\\/#breadcrumb\",\"itemListElement\":[{\"@type\":\"ListItem\",\"position\":1,\"name\":\"Startseite\",\"item\":\"https:\\\/\\\/janina-sachse.de\\\/\"},{\"@type\":\"ListItem\",\"position\":2,\"name\":\"Leistungen\"}]},{\"@type\":\"WebSite\",\"@id\":\"https:\\\/\\\/janina-sachse.de\\\/#website\",\"url\":\"https:\\\/\\\/janina-sachse.de\\\/\",\"name\":\"Konferenzdolmetscherin Janina Sachse\",\"description\":\"dolmetschen polnisch berlin englisch konferenzdolmetschen\",\"publisher\":{\"@id\":\"https:\\\/\\\/janina-sachse.de\\\/#organization\"},\"potentialAction\":[{\"@type\":\"SearchAction\",\"target\":{\"@type\":\"EntryPoint\",\"urlTemplate\":\"https:\\\/\\\/janina-sachse.de\\\/?s={search_term_string}\"},\"query-input\":{\"@type\":\"PropertyValueSpecification\",\"valueRequired\":true,\"valueName\":\"search_term_string\"}}],\"inLanguage\":\"pl-PL\"},{\"@type\":\"Organization\",\"@id\":\"https:\\\/\\\/janina-sachse.de\\\/#organization\",\"name\":\"Konferenzdolmetscherin Janina Sachse\",\"url\":\"https:\\\/\\\/janina-sachse.de\\\/\",\"logo\":{\"@type\":\"ImageObject\",\"inLanguage\":\"pl-PL\",\"@id\":\"https:\\\/\\\/janina-sachse.de\\\/#\\\/schema\\\/logo\\\/image\\\/\",\"url\":\"https:\\\/\\\/janina-sachse.de\\\/wp-content\\\/uploads\\\/2025\\\/07\\\/header_js_deutsch.png\",\"contentUrl\":\"https:\\\/\\\/janina-sachse.de\\\/wp-content\\\/uploads\\\/2025\\\/07\\\/header_js_deutsch.png\",\"width\":800,\"height\":200,\"caption\":\"Konferenzdolmetscherin Janina Sachse\"},\"image\":{\"@id\":\"https:\\\/\\\/janina-sachse.de\\\/#\\\/schema\\\/logo\\\/image\\\/\"}}]}<\/script>\n<!-- \/ Yoast SEO plugin. -->","yoast_head_json":{"title":"Leistungen - Konferenzdolmetscherin Janina Sachse","robots":{"index":"index","follow":"follow","max-snippet":"max-snippet:-1","max-image-preview":"max-image-preview:large","max-video-preview":"max-video-preview:-1"},"canonical":"https:\/\/janina-sachse.de\/pl\/services\/","og_locale":"pl_PL","og_type":"article","og_title":"Leistungen - Konferenzdolmetscherin Janina Sachse","og_description":"Wollen Sie wissen, was hier steht? L\u00f6sung Angebot Ob Fachkonferenz, bilaterale Gespr\u00e4che, Vernetzungstreffen, St\u00e4dtepartnerschaft, Ausstellungser\u00f6ffnung, Symposium oder Werksbesichtigung &#8211; nichts [&hellip;]","og_url":"https:\/\/janina-sachse.de\/pl\/services\/","og_site_name":"Konferenzdolmetscherin Janina Sachse","article_modified_time":"2026-02-18T12:05:00+00:00","og_image":[{"width":2048,"height":1365,"url":"https:\/\/janina-sachse.de\/wp-content\/uploads\/2025\/10\/P1_02788.jpg","type":"image\/jpeg"}],"twitter_card":"summary_large_image","twitter_misc":{"Szacowany czas czytania":"2 minuty"},"schema":{"@context":"https:\/\/schema.org","@graph":[{"@type":"WebPage","@id":"https:\/\/janina-sachse.de\/services\/","url":"https:\/\/janina-sachse.de\/services\/","name":"Leistungen - Konferenzdolmetscherin Janina Sachse","isPartOf":{"@id":"https:\/\/janina-sachse.de\/#website"},"primaryImageOfPage":{"@id":"https:\/\/janina-sachse.de\/services\/#primaryimage"},"image":{"@id":"https:\/\/janina-sachse.de\/services\/#primaryimage"},"thumbnailUrl":"https:\/\/janina-sachse.de\/wp-content\/uploads\/2025\/10\/P1_02788.jpg","datePublished":"2025-07-08T16:02:51+00:00","dateModified":"2026-02-18T12:05:00+00:00","breadcrumb":{"@id":"https:\/\/janina-sachse.de\/services\/#breadcrumb"},"inLanguage":"pl-PL","potentialAction":[{"@type":"ReadAction","target":["https:\/\/janina-sachse.de\/services\/"]}]},{"@type":"ImageObject","inLanguage":"pl-PL","@id":"https:\/\/janina-sachse.de\/services\/#primaryimage","url":"https:\/\/janina-sachse.de\/wp-content\/uploads\/2025\/10\/P1_02788.jpg","contentUrl":"https:\/\/janina-sachse.de\/wp-content\/uploads\/2025\/10\/P1_02788.jpg"},{"@type":"BreadcrumbList","@id":"https:\/\/janina-sachse.de\/services\/#breadcrumb","itemListElement":[{"@type":"ListItem","position":1,"name":"Startseite","item":"https:\/\/janina-sachse.de\/"},{"@type":"ListItem","position":2,"name":"Leistungen"}]},{"@type":"WebSite","@id":"https:\/\/janina-sachse.de\/#website","url":"https:\/\/janina-sachse.de\/","name":"Konferenzdolmetscherin Janina Sachse","description":"dolmetschen polnisch berlin englisch konferenzdolmetschen","publisher":{"@id":"https:\/\/janina-sachse.de\/#organization"},"potentialAction":[{"@type":"SearchAction","target":{"@type":"EntryPoint","urlTemplate":"https:\/\/janina-sachse.de\/?s={search_term_string}"},"query-input":{"@type":"PropertyValueSpecification","valueRequired":true,"valueName":"search_term_string"}}],"inLanguage":"pl-PL"},{"@type":"Organization","@id":"https:\/\/janina-sachse.de\/#organization","name":"Konferenzdolmetscherin Janina Sachse","url":"https:\/\/janina-sachse.de\/","logo":{"@type":"ImageObject","inLanguage":"pl-PL","@id":"https:\/\/janina-sachse.de\/#\/schema\/logo\/image\/","url":"https:\/\/janina-sachse.de\/wp-content\/uploads\/2025\/07\/header_js_deutsch.png","contentUrl":"https:\/\/janina-sachse.de\/wp-content\/uploads\/2025\/07\/header_js_deutsch.png","width":800,"height":200,"caption":"Konferenzdolmetscherin Janina Sachse"},"image":{"@id":"https:\/\/janina-sachse.de\/#\/schema\/logo\/image\/"}}]}},"_links":{"self":[{"href":"https:\/\/janina-sachse.de\/pl\/wp-json\/wp\/v2\/pages\/918","targetHints":{"allow":["GET"]}}],"collection":[{"href":"https:\/\/janina-sachse.de\/pl\/wp-json\/wp\/v2\/pages"}],"about":[{"href":"https:\/\/janina-sachse.de\/pl\/wp-json\/wp\/v2\/types\/page"}],"author":[{"embeddable":true,"href":"https:\/\/janina-sachse.de\/pl\/wp-json\/wp\/v2\/users\/1"}],"replies":[{"embeddable":true,"href":"https:\/\/janina-sachse.de\/pl\/wp-json\/wp\/v2\/comments?post=918"}],"version-history":[{"count":149,"href":"https:\/\/janina-sachse.de\/pl\/wp-json\/wp\/v2\/pages\/918\/revisions"}],"predecessor-version":[{"id":1823,"href":"https:\/\/janina-sachse.de\/pl\/wp-json\/wp\/v2\/pages\/918\/revisions\/1823"}],"wp:attachment":[{"href":"https:\/\/janina-sachse.de\/pl\/wp-json\/wp\/v2\/media?parent=918"}],"curies":[{"name":"wp","href":"https:\/\/api.w.org\/{rel}","templated":true}]}}